{"id":5892,"date":"2023-10-21T23:26:44","date_gmt":"2023-10-21T21:26:44","guid":{"rendered":"https:\/\/sennse-hotel.ro\/kundenvorteile\/"},"modified":"2025-06-24T14:27:28","modified_gmt":"2025-06-24T12:27:28","slug":"kundenvorteile","status":"publish","type":"page","link":"https:\/\/sennse-hotel.ro\/de\/kundenvorteile\/","title":{"rendered":"Kundenvorteile"},"content":{"rendered":"\t\t<div data-elementor-type=\"wp-page\" data-elementor-id=\"5892\" class=\"elementor elementor-5892 elementor-929\">\n\t\t\t\t<div class=\"elementor-element elementor-element-2bfff96f e-con-full e-flex e-con e-parent\" data-id=\"2bfff96f\" data-element_type=\"container\" data-settings=\"{&quot;background_background&quot;:&quot;classic&quot;}\">\n\t\t\t\t<div class=\"elementor-element elementor-element-3232adc3 elementor-widget elementor-widget-patara-banner-image\" data-id=\"3232adc3\" data-element_type=\"widget\" data-widget_type=\"patara-banner-image.default\">\n\t\t\t\t<div class=\"elementor-widget-container\">\n\t\t\t\t\t\t\t\n\t<!-- Header Banner -->\n\t<header class=\"header\">\n\n\t\t\t\t<div class=\"banner-header full-height valign bg-img bg-fixed text-center\" data-overlay-dark=\"6\" data-background=\"https:\/\/sennse-hotel.ro\/wp-content\/uploads\/2025\/06\/IMG_0093-39.webp\">\n\t\t\t\t\t\t\t\t\t\t\t\t<div class=\"container\">\n\t\t\t\t\t<div class=\"row\">\n\t\t\t\t\t\t<div class=\"col-md-12 offset-0\">\n\t\t\t\t\t\t\t<div class=\"caption\">\n\n\t\t\t\t\t\t\t\t\t\t\t\t\t\t\t\t\n\t\t\t\t\t\t\t\t\n\t\t\t\t\t\t\t\t\t\t\t\t\t\t\t\t\t\t\t\t\t\t\t\t<h1 class=\"pt-slider-title2-class\">Vorteile<\/h1>\n\t\t\t\t\t\t\t\t\t\t\t\t\t\t\t\t\t\t\t\t\t\t\t<\/div>\t\t\t\t\t\t\n\t\t\t\t\t\t<\/div>\t\t\t\t\t\t\n\t\t\t\t\t<\/div>\n\t\t\t\t<\/div>\n\t\t\t\t\t\t\t\t<!-- button scroll -->\n\t\t\t\t<a href=\"#amenities\" data-scroll-nav=\"1\" class=\"mouse smoothscroll\">\n\t\t\t\t\t<span class=\"mouse-icon\">\n\t\t\t\t\t\t<span class=\"mouse-wheel\"><\/span>\n\t\t\t\t\t<\/span>\n\t\t\t\t<\/a>\t\n\t\t\t\t\t\t\t\t\t\n\t\t\t\t\t\t\n        <\/div>\t\t\t\n\t<\/header>\t\t\n\t\t\t\n    \t\t\t\t<\/div>\n\t\t\t\t<\/div>\n\t\t\t\t<\/div>\n\t\t<div class=\"elementor-element elementor-element-492e355 e-flex e-con-boxed e-con e-parent\" data-id=\"492e355\" data-element_type=\"container\">\n\t\t\t\t\t<div class=\"e-con-inner\">\n\t\t<div class=\"elementor-element elementor-element-e91fc60 e-con-full e-flex e-con e-child\" data-id=\"e91fc60\" data-element_type=\"container\">\n\t\t\t\t<div class=\"elementor-element elementor-element-89515b8 elementor-widget elementor-widget-text-editor\" data-id=\"89515b8\" data-element_type=\"widget\" data-widget_type=\"text-editor.default\">\n\t\t\t\t<div class=\"elementor-widget-container\">\n\t\t\t\t\t\t\t\t\t<p>Das Sennse Boutique Hotel bietet Ihnen exklusive Preise f\u00fcr Aktivit\u00e4ten mit unseren Partnern. <br>Sehen Sie sich unten die Arten von Aktivit\u00e4ten an, f\u00fcr die Sie Vorzugspreise erhalten.<br>Unsere Liste wird st\u00e4ndig erweitert, bald werden wir neue Aktivit\u00e4ten hinzuf\u00fcgen.<\/p>\t\t\t\t\t\t\t\t<\/div>\n\t\t\t\t<\/div>\n\t\t\t\t<\/div>\n\t\t\t\t\t<\/div>\n\t\t\t\t<\/div>\n\t\t<div class=\"elementor-element elementor-element-c667247 e-flex e-con-boxed e-con e-parent\" data-id=\"c667247\" data-element_type=\"container\">\n\t\t\t\t\t<div class=\"e-con-inner\">\n\t\t<div class=\"elementor-element elementor-element-10325fd e-con-full e-flex e-con e-child\" data-id=\"10325fd\" data-element_type=\"container\" data-settings=\"{&quot;background_background&quot;:&quot;classic&quot;}\">\n\t\t<div class=\"elementor-element elementor-element-a3ee9b1 e-con-full e-flex e-con e-child\" data-id=\"a3ee9b1\" data-element_type=\"container\">\n\t\t\t\t<div class=\"elementor-element elementor-element-aa7fa43 elementor-widget elementor-widget-patara-services-grid\" data-id=\"aa7fa43\" data-element_type=\"widget\" data-widget_type=\"patara-services-grid.default\">\n\t\t\t\t<div class=\"elementor-widget-container\">\n\t\t\t\t\t\t\t\n\t\t\t\t\n        \n\t\t\t<div class=\"sec-services services2\">\t\n\t\t\t\t\t\t\t\t<div class=\"services2 left\">\t\n\t\t\t\t\t<figure> <img decoding=\"async\" src=\"https:\/\/sennse-hotel.ro\/wp-content\/uploads\/2025\/05\/p4-1.webp\" alt=\"\" class=\"img-fluid\" \/> <\/figure>\t\t\t\t\t\n\t\t\t\t\t<div class=\"caption padding-left\">\n\t\t\t\t\t\t\t\t\t\t\t\t<h4>Jenseits der Pfade E-Motion in der Natur<\/h4>\n\t\t\t\t\t\t\t\n\t\t\t\t\t\t\t\t\t\t\t\t<div class=\"section-text\"><ul>\n \t<li>-Elektroradverleih<\/li>\n \t<li>Gef\u00fchrte Touren - Wandern, Standard- oder Elektrofahrradtouren<\/li>\n \t<li>-Eine geeinte Gemeinschaft, in der Leistung und Freundschaft Hand in Hand gehen<\/li>\n<\/ul>\n\n<div data-fillout-id=\"ePF2nxCn25us\" data-fillout-embed-type=\"popup\" data-fillout-dynamic-resize=\"\" data-fillout-inherit-parameters=\"\" data-fillout-popup-size=\"medium\" data-fillout-button-text=\"Vreau o programare\" data-fillout-button-color=\"#aa8453\" style=\"text-align: center;\"><\/div><script src=\"https:\/\/server.fillout.com\/embed\/v1\/\"><\/script><\/div>\n\t\t\t\t\t\t\t\n\t\t\t\t\t\t\n\t\t\t\t\t\t\t\t\t\t\t\t\t\t\t\t\t\t    \n\t\t\t\t\t<\/div>\t\t\t\t\t\n\t\t\t\t<\/div>\t\t\t\t\t\n\t\t\t\t\t\t\t<\/div>\t\n\n        \t\t\n        \t\t\t\t<\/div>\n\t\t\t\t<\/div>\n\t\t\t\t<\/div>\n\t\t\t\t<\/div>\n\t\t\t\t\t<\/div>\n\t\t\t\t<\/div>\n\t\t\t\t<\/div>\n\t\t","protected":false},"excerpt":{"rendered":"<p>Vorteile Das Sennse Boutique Hotel bietet Ihnen exklusive Preise f\u00fcr Aktivit\u00e4ten mit unseren Partnern. Sehen Sie sich unten die Arten von Aktivit\u00e4ten an, f\u00fcr die Sie Vorzugspreise erhalten.Unsere Liste wird st\u00e4ndig erweitert, bald werden wir neue Aktivit\u00e4ten hinzuf\u00fcgen. Jenseits der Pfade E-Motion in der Natur -Elektroradverleih Gef\u00fchrte Touren &#8211; Wandern, Standard- oder Elektrofahrradtouren -Eine geeinte Gemeinschaft, in der Leistung und<\/p>\n","protected":false},"author":2,"featured_media":4752,"parent":0,"menu_order":0,"comment_status":"closed","ping_status":"closed","template":"","meta":{"footnotes":"","_links_to":"","_links_to_target":""},"class_list":["post-5892","page","type-page","status-publish","has-post-thumbnail","hentry"],"yoast_head":"<!-- This site is optimized with the Yoast SEO plugin v25.7 - https:\/\/yoast.com\/wordpress\/plugins\/seo\/ -->\n<title>Kundenvorteile - Sennse Boutique Hotel<\/title>\n<meta name=\"robots\" content=\"index, follow, max-snippet:-1, max-image-preview:large, max-video-preview:-1\" \/>\n<link rel=\"canonical\" href=\"https:\/\/sennse-hotel.ro\/de\/kundenvorteile\/\" \/>\n<meta property=\"og:locale\" content=\"de_DE\" \/>\n<meta property=\"og:type\" content=\"article\" \/>\n<meta property=\"og:title\" content=\"Kundenvorteile - Sennse Boutique Hotel\" \/>\n<meta property=\"og:description\" content=\"Vorteile Das Sennse Boutique Hotel bietet Ihnen exklusive Preise f\u00fcr Aktivit\u00e4ten mit unseren Partnern. Sehen Sie sich unten die Arten von Aktivit\u00e4ten an, f\u00fcr die Sie Vorzugspreise erhalten.Unsere Liste wird st\u00e4ndig erweitert, bald werden wir neue Aktivit\u00e4ten hinzuf\u00fcgen. Jenseits der Pfade E-Motion in der Natur -Elektroradverleih Gef\u00fchrte Touren &#8211; Wandern, Standard- oder Elektrofahrradtouren -Eine geeinte Gemeinschaft, in der Leistung und\" \/>\n<meta property=\"og:url\" content=\"https:\/\/sennse-hotel.ro\/de\/kundenvorteile\/\" \/>\n<meta property=\"og:site_name\" content=\"Sennse Boutique Hotel\" \/>\n<meta property=\"article:modified_time\" content=\"2025-06-24T12:27:28+00:00\" \/>\n<meta property=\"og:image\" content=\"https:\/\/sennse-hotel.ro\/wp-content\/uploads\/2025\/05\/p4-1.webp\" \/>\n<meta name=\"twitter:card\" content=\"summary_large_image\" \/>\n<script type=\"application\/ld+json\" class=\"yoast-schema-graph\">{\"@context\":\"https:\/\/schema.org\",\"@graph\":[{\"@type\":\"WebPage\",\"@id\":\"https:\/\/sennse-hotel.ro\/de\/kundenvorteile\/\",\"url\":\"https:\/\/sennse-hotel.ro\/de\/kundenvorteile\/\",\"name\":\"Kundenvorteile - Sennse Boutique Hotel\",\"isPartOf\":{\"@id\":\"https:\/\/sennse-hotel.ro\/de\/#website\"},\"primaryImageOfPage\":{\"@id\":\"https:\/\/sennse-hotel.ro\/de\/kundenvorteile\/#primaryimage\"},\"image\":{\"@id\":\"https:\/\/sennse-hotel.ro\/de\/kundenvorteile\/#primaryimage\"},\"thumbnailUrl\":\"https:\/\/sennse-hotel.ro\/wp-content\/uploads\/2025\/05\/p4-1.webp\",\"datePublished\":\"2023-10-21T21:26:44+00:00\",\"dateModified\":\"2025-06-24T12:27:28+00:00\",\"breadcrumb\":{\"@id\":\"https:\/\/sennse-hotel.ro\/de\/kundenvorteile\/#breadcrumb\"},\"inLanguage\":\"de\",\"potentialAction\":[{\"@type\":\"ReadAction\",\"target\":[\"https:\/\/sennse-hotel.ro\/de\/kundenvorteile\/\"]}]},{\"@type\":\"ImageObject\",\"inLanguage\":\"de\",\"@id\":\"https:\/\/sennse-hotel.ro\/de\/kundenvorteile\/#primaryimage\",\"url\":\"https:\/\/sennse-hotel.ro\/wp-content\/uploads\/2025\/05\/p4-1.webp\",\"contentUrl\":\"https:\/\/sennse-hotel.ro\/wp-content\/uploads\/2025\/05\/p4-1.webp\",\"width\":1600,\"height\":1130,\"caption\":\"beneficii clen\u021bi\"},{\"@type\":\"BreadcrumbList\",\"@id\":\"https:\/\/sennse-hotel.ro\/de\/kundenvorteile\/#breadcrumb\",\"itemListElement\":[{\"@type\":\"ListItem\",\"position\":1,\"name\":\"Startseite\",\"item\":\"https:\/\/sennse-hotel.ro\/de\/startseite\/\"},{\"@type\":\"ListItem\",\"position\":2,\"name\":\"Kundenvorteile\"}]},{\"@type\":\"WebSite\",\"@id\":\"https:\/\/sennse-hotel.ro\/de\/#website\",\"url\":\"https:\/\/sennse-hotel.ro\/de\/\",\"name\":\"Sennse Boutique Hotel\",\"description\":\"\",\"potentialAction\":[{\"@type\":\"SearchAction\",\"target\":{\"@type\":\"EntryPoint\",\"urlTemplate\":\"https:\/\/sennse-hotel.ro\/de\/?s={search_term_string}\"},\"query-input\":{\"@type\":\"PropertyValueSpecification\",\"valueRequired\":true,\"valueName\":\"search_term_string\"}}],\"inLanguage\":\"de\"}]}<\/script>\n<!-- \/ Yoast SEO plugin. -->","yoast_head_json":{"title":"Kundenvorteile - Sennse Boutique Hotel","robots":{"index":"index","follow":"follow","max-snippet":"max-snippet:-1","max-image-preview":"max-image-preview:large","max-video-preview":"max-video-preview:-1"},"canonical":"https:\/\/sennse-hotel.ro\/de\/kundenvorteile\/","og_locale":"de_DE","og_type":"article","og_title":"Kundenvorteile - Sennse Boutique Hotel","og_description":"Vorteile Das Sennse Boutique Hotel bietet Ihnen exklusive Preise f\u00fcr Aktivit\u00e4ten mit unseren Partnern. Sehen Sie sich unten die Arten von Aktivit\u00e4ten an, f\u00fcr die Sie Vorzugspreise erhalten.Unsere Liste wird st\u00e4ndig erweitert, bald werden wir neue Aktivit\u00e4ten hinzuf\u00fcgen. Jenseits der Pfade E-Motion in der Natur -Elektroradverleih Gef\u00fchrte Touren &#8211; Wandern, Standard- oder Elektrofahrradtouren -Eine geeinte Gemeinschaft, in der Leistung und","og_url":"https:\/\/sennse-hotel.ro\/de\/kundenvorteile\/","og_site_name":"Sennse Boutique Hotel","article_modified_time":"2025-06-24T12:27:28+00:00","og_image":[{"url":"https:\/\/sennse-hotel.ro\/wp-content\/uploads\/2025\/05\/p4-1.webp","type":"","width":"","height":""}],"twitter_card":"summary_large_image","schema":{"@context":"https:\/\/schema.org","@graph":[{"@type":"WebPage","@id":"https:\/\/sennse-hotel.ro\/de\/kundenvorteile\/","url":"https:\/\/sennse-hotel.ro\/de\/kundenvorteile\/","name":"Kundenvorteile - Sennse Boutique Hotel","isPartOf":{"@id":"https:\/\/sennse-hotel.ro\/de\/#website"},"primaryImageOfPage":{"@id":"https:\/\/sennse-hotel.ro\/de\/kundenvorteile\/#primaryimage"},"image":{"@id":"https:\/\/sennse-hotel.ro\/de\/kundenvorteile\/#primaryimage"},"thumbnailUrl":"https:\/\/sennse-hotel.ro\/wp-content\/uploads\/2025\/05\/p4-1.webp","datePublished":"2023-10-21T21:26:44+00:00","dateModified":"2025-06-24T12:27:28+00:00","breadcrumb":{"@id":"https:\/\/sennse-hotel.ro\/de\/kundenvorteile\/#breadcrumb"},"inLanguage":"de","potentialAction":[{"@type":"ReadAction","target":["https:\/\/sennse-hotel.ro\/de\/kundenvorteile\/"]}]},{"@type":"ImageObject","inLanguage":"de","@id":"https:\/\/sennse-hotel.ro\/de\/kundenvorteile\/#primaryimage","url":"https:\/\/sennse-hotel.ro\/wp-content\/uploads\/2025\/05\/p4-1.webp","contentUrl":"https:\/\/sennse-hotel.ro\/wp-content\/uploads\/2025\/05\/p4-1.webp","width":1600,"height":1130,"caption":"beneficii clen\u021bi"},{"@type":"BreadcrumbList","@id":"https:\/\/sennse-hotel.ro\/de\/kundenvorteile\/#breadcrumb","itemListElement":[{"@type":"ListItem","position":1,"name":"Startseite","item":"https:\/\/sennse-hotel.ro\/de\/startseite\/"},{"@type":"ListItem","position":2,"name":"Kundenvorteile"}]},{"@type":"WebSite","@id":"https:\/\/sennse-hotel.ro\/de\/#website","url":"https:\/\/sennse-hotel.ro\/de\/","name":"Sennse Boutique Hotel","description":"","potentialAction":[{"@type":"SearchAction","target":{"@type":"EntryPoint","urlTemplate":"https:\/\/sennse-hotel.ro\/de\/?s={search_term_string}"},"query-input":{"@type":"PropertyValueSpecification","valueRequired":true,"valueName":"search_term_string"}}],"inLanguage":"de"}]}},"_links":{"self":[{"href":"https:\/\/sennse-hotel.ro\/de\/wp-json\/wp\/v2\/pages\/5892","targetHints":{"allow":["GET"]}}],"collection":[{"href":"https:\/\/sennse-hotel.ro\/de\/wp-json\/wp\/v2\/pages"}],"about":[{"href":"https:\/\/sennse-hotel.ro\/de\/wp-json\/wp\/v2\/types\/page"}],"author":[{"embeddable":true,"href":"https:\/\/sennse-hotel.ro\/de\/wp-json\/wp\/v2\/users\/2"}],"replies":[{"embeddable":true,"href":"https:\/\/sennse-hotel.ro\/de\/wp-json\/wp\/v2\/comments?post=5892"}],"version-history":[{"count":3,"href":"https:\/\/sennse-hotel.ro\/de\/wp-json\/wp\/v2\/pages\/5892\/revisions"}],"predecessor-version":[{"id":6914,"href":"https:\/\/sennse-hotel.ro\/de\/wp-json\/wp\/v2\/pages\/5892\/revisions\/6914"}],"wp:featuredmedia":[{"embeddable":true,"href":"https:\/\/sennse-hotel.ro\/de\/wp-json\/wp\/v2\/media\/4752"}],"wp:attachment":[{"href":"https:\/\/sennse-hotel.ro\/de\/wp-json\/wp\/v2\/media?parent=5892"}],"curies":[{"name":"wp","href":"https:\/\/api.w.org\/{rel}","templated":true}]}}