{"id":5904,"date":"2023-10-21T21:36:46","date_gmt":"2023-10-21T19:36:46","guid":{"rendered":"https:\/\/sennse-hotel.ro\/ueber-sennse\/"},"modified":"2025-10-27T23:18:16","modified_gmt":"2025-10-27T21:18:16","slug":"ueber-sennse","status":"publish","type":"page","link":"https:\/\/sennse-hotel.ro\/de\/ueber-sennse\/","title":{"rendered":"\u00dcber Sennse"},"content":{"rendered":"\t\t<div data-elementor-type=\"wp-page\" data-elementor-id=\"5904\" class=\"elementor elementor-5904 elementor-714\">\n\t\t\t\t<div class=\"elementor-element elementor-element-14e42542 e-con-full e-flex e-con e-parent\" data-id=\"14e42542\" data-element_type=\"container\" data-settings=\"{&quot;background_background&quot;:&quot;classic&quot;}\">\n\t\t\t\t<div class=\"elementor-element elementor-element-226f2218 elementor-widget elementor-widget-patara-banner-image\" data-id=\"226f2218\" data-element_type=\"widget\" data-widget_type=\"patara-banner-image.default\">\n\t\t\t\t<div class=\"elementor-widget-container\">\n\t\t\t\t\t\t\t\n\t<!-- Header Banner -->\n\t<header class=\"header\">\n\n\t\t\t\t<div class=\"banner-header full-height valign bg-img bg-fixed text-center\" data-overlay-dark=\"4\" data-background=\"https:\/\/sennse-hotel.ro\/wp-content\/uploads\/2025\/05\/03-banner-1.webp\">\n\t\t\t\t\t\t\t\t\t\t\t\t<div class=\"container\">\n\t\t\t\t\t<div class=\"row\">\n\t\t\t\t\t\t<div class=\"col-md-12 offset-0\">\n\t\t\t\t\t\t\t<div class=\"caption\">\n\n\t\t\t\t\t\t\t\t\t\t\t\t\t\t\t\t\n\t\t\t\t\t\t\t\t\n\t\t\t\t\t\t\t\t\t\t\t\t\t\t\t\t\t\t\t\t\t\t\t\t<h1 class=\"pt-slider-title2-class\">\u00dcber uns<\/h1>\n\t\t\t\t\t\t\t\t\t\t\t\t\t\t\t\t\t\t\t\t\t\t\t<\/div>\t\t\t\t\t\t\n\t\t\t\t\t\t<\/div>\t\t\t\t\t\t\n\t\t\t\t\t<\/div>\n\t\t\t\t<\/div>\n\t\t\t\t\t\t\t\t<!-- button scroll -->\n\t\t\t\t<a href=\"#about\" data-scroll-nav=\"1\" class=\"mouse smoothscroll\">\n\t\t\t\t\t<span class=\"mouse-icon\">\n\t\t\t\t\t\t<span class=\"mouse-wheel\"><\/span>\n\t\t\t\t\t<\/span>\n\t\t\t\t<\/a>\t\n\t\t\t\t\t\t\t\t\t\n\t\t\t\t\t\t\n        <\/div>\t\t\t\n\t<\/header>\t\t\n\t\t\t\n    \t\t\t\t<\/div>\n\t\t\t\t<\/div>\n\t\t\t\t<\/div>\n\t\t<div class=\"elementor-element elementor-element-d67a3d1 e-flex e-con-boxed e-con e-parent\" data-id=\"d67a3d1\" data-element_type=\"container\" id=\"about\" data-settings=\"{&quot;background_background&quot;:&quot;classic&quot;}\">\n\t\t\t\t\t<div class=\"e-con-inner\">\n\t\t<div class=\"elementor-element elementor-element-405ce09b e-con-full e-flex e-con e-child\" data-id=\"405ce09b\" data-element_type=\"container\">\n\t\t\t\t<div class=\"elementor-element elementor-element-1a8ef39 elementor-widget elementor-widget-patara-title\" data-id=\"1a8ef39\" data-element_type=\"widget\" data-widget_type=\"patara-title.default\">\n\t\t\t\t<div class=\"elementor-widget-container\">\n\t\t\t\t\t\t\t\n\t\t\t\t\t\t\t\t<div class=\"sub-title border-bot-light\">\n\t\t\tWillkommen!<\/h4><\/div>\n\t\t\t\t\t\n\t\t\t\n        \t\t\t\t<\/div>\n\t\t\t\t<\/div>\n\t\t\t\t<\/div>\n\t\t<div class=\"elementor-element elementor-element-182e28ef e-con-full e-flex e-con e-child\" data-id=\"182e28ef\" data-element_type=\"container\">\n\t\t<div class=\"elementor-element elementor-element-63c9fbae e-con-full e-flex e-con e-child\" data-id=\"63c9fbae\" data-element_type=\"container\">\n\t\t\t\t<div class=\"elementor-element elementor-element-24412d44 elementor-widget elementor-widget-patara-title\" data-id=\"24412d44\" data-element_type=\"widget\" data-widget_type=\"patara-title.default\">\n\t\t\t\t<div class=\"elementor-widget-container\">\n\t\t\t\t\t\t\t\n\t\t\n\t\t\t\t\t\t\t\n\t\t\t<h4 class=\"section-title black text-left\">\u00dcber uns:<\/h4>\t\t\t\t\n\t\t\t\n        \n\t\t\t\n        \t\t\t\t<\/div>\n\t\t\t\t<\/div>\n\t\t\t\t<\/div>\n\t\t<div class=\"elementor-element elementor-element-18d100d2 e-con-full e-flex e-con e-child\" data-id=\"18d100d2\" data-element_type=\"container\">\n\t\t<div class=\"elementor-element elementor-element-413f2e32 e-con-full e-flex e-con e-child\" data-id=\"413f2e32\" data-element_type=\"container\">\n\t\t\t\t<div class=\"elementor-element elementor-element-1de12747 elementor-widget elementor-widget-patara-text\" data-id=\"1de12747\" data-element_type=\"widget\" data-widget_type=\"patara-text.default\">\n\t\t\t\t<div class=\"elementor-widget-container\">\n\t\t\t\t\t\t\t\n\t\t<div class=\"section-text text-left black\"><p>Im Sennse Boutique Hotel, Adults Friendly - ausschlie\u00dflich f\u00fcr Erwachsene - ist jedes Detail darauf ausgerichtet, Ihnen ein unvergessliches Erlebnis zu bieten. Mit seiner privilegierten Lage im Herzen des historischen Zentrums von Sibiu bietet Ihnen unser Hotel schnellen Zugang zu den sch\u00f6nsten Sehensw\u00fcrdigkeiten der Stadt, einschlie\u00dflich des Hauptplatzes und der charmanten Stra\u00dfen der Altstadt.  <\/p><p>Wir sind stolz auf unsere Erfahrung im Gastgewerbe, nicht nur im Hotel-, sondern auch im Restaurantbereich. Unsere Erfahrung erm\u00f6glicht es uns, die Bed\u00fcrfnisse unserer G\u00e4ste genau zu verstehen und einen Raum zu schaffen, der nahtlos modernen Komfort mit traditioneller Gastfreundschaft verbindet, so wie unsere wunderbare Stadt das Moderne mit der Vergangenheit vermischt. <\/p><p>Unser Hotel verf\u00fcgt \u00fcber 7 sorgf\u00e4ltig eingerichtete G\u00e4stezimmer und eine Suite, jedes ein Refugium der Ruhe und Eleganz. Vom einfachen Zugang \u00fcber eindeutige Codes und einfaches Ein- und Auschecken bis hin zu modernem Design und pers\u00f6nlichem Service - Ihr Komfort ist unsere Priorit\u00e4t. <\/p><p>Im Sennse Boutique Hotel bieten wir nicht nur eine Unterkunft, sondern auch unvergessliche Momente, die wir speziell f\u00fcr jeden unserer G\u00e4ste schaffen. Wir freuen uns darauf, Sie begr\u00fc\u00dfen zu d\u00fcrfen, um unsere Eleganz, unseren Komfort und unsere Gastfreundschaft zu entdecken! <\/p><\/div>\n\t\t\n\t\t\t\n        \t\t\t\t<\/div>\n\t\t\t\t<\/div>\n\t\t\t\t<\/div>\n\t\t<div class=\"elementor-element elementor-element-3e9de937 e-con-full e-flex e-con e-child\" data-id=\"3e9de937\" data-element_type=\"container\">\n\t\t\t\t<div class=\"elementor-element elementor-element-fd8d08f elementor-widget elementor-widget-patara-image\" data-id=\"fd8d08f\" data-element_type=\"widget\" data-widget_type=\"patara-image.default\">\n\t\t\t\t<div class=\"elementor-widget-container\">\n\t\t\t\t\t\t\t\n\t\t\t\t    \t\t\t<div class=\"sec-img\">\n\t\t\t\t<div class=\"row g-3\">\n\t\t\t\t\t<div class=\"col-6 text-end\"> <img decoding=\"async\" class=\"img-fluid rounded w-75 wow zoomIn\" data-wow-delay=\"0.1s\" src=\"https:\/\/sennse-hotel.ro\/wp-content\/uploads\/2025\/05\/IMG_3284-281.webp\" alt=\"\" style=\"margin-top: 25%;\"> <\/div>\n\t\t\t\t\t\t\t\t\t\t<div class=\"col-6 text-start\"> <img decoding=\"async\" class=\"img-fluid rounded w-100 wow zoomIn\" data-wow-delay=\"0.3s\" src=\"https:\/\/sennse-hotel.ro\/wp-content\/uploads\/2025\/05\/IMG_2880-129.webp\" alt=\"\"> <\/div>\n\t\t\t\t\t\t\n\t\t\t\t\t\t\t\t\t\t<div class=\"col-6 text-end\"> <img decoding=\"async\" class=\"img-fluid rounded w-50 wow zoomIn\" data-wow-delay=\"0.5s\" src=\"https:\/\/sennse-hotel.ro\/wp-content\/uploads\/2025\/05\/IMG_3144-247.webp\" alt=\"\"> <\/div>\n\t\t\t\t\t\t\n\t\t\t\t\t\t\t\t\t\t<div class=\"col-6 text-start\"> <img decoding=\"async\" class=\"img-fluid rounded w-75 wow zoomIn\" data-wow-delay=\"0.7s\" src=\"https:\/\/sennse-hotel.ro\/wp-content\/uploads\/2025\/05\/IMG_3188-259.webp\" alt=\"\"> <\/div>\n\t\t\t\t\t\t\n\t\t\t\t<\/div>\t\t\t\n\t\t\t\t\n\t\t<\/div>\n\t\t\t\t\t\n\t\t\n\t\t\t\n        \t\t\t\t<\/div>\n\t\t\t\t<\/div>\n\t\t\t\t<\/div>\n\t\t\t\t<\/div>\n\t\t\t\t<\/div>\n\t\t\t\t\t<\/div>\n\t\t\t\t<\/div>\n\t\t<div class=\"elementor-element elementor-element-6e7cfa3c e-flex e-con-boxed e-con e-parent\" data-id=\"6e7cfa3c\" data-element_type=\"container\" data-settings=\"{&quot;background_background&quot;:&quot;classic&quot;}\">\n\t\t\t\t\t<div class=\"e-con-inner\">\n\t\t\t\t<div class=\"elementor-element elementor-element-33473577 elementor-widget elementor-widget-patara-room-search\" data-id=\"33473577\" data-element_type=\"widget\" data-widget_type=\"patara-room-search.default\">\n\t\t\t\t<div class=\"elementor-widget-container\">\n\t\t\t\t\t\t\t\n\t\t\t<div class=\"booking-inner clearfix\">\n    <form action=\"https:\/\/sennse-hotel.ro\/de\/\" class=\"form1 clearfix\">\n        <div class=\"col0 c1\">\n\t\t\t<input type=\"hidden\" name=\"s\" value=\"\" \/>\n            <div class=\"input1_wrapper border-l border-b border-t border-r\">\n                <label>Check In<\/label>\n                <div class=\"input1_inner\">\n                    <input name=\"room_checkin_ids\" type=\"text\" class=\"form-control input datepicker\" value=\"2026-04-29\" placeholder=\"Check In\" autocomplete=\"off\" data-rn-cl-months='[\"January\",\"February\",\"March\",\"April\",\"May\", \"June\",\"July\",\"August\",\"September\",\"October\",\"November\",\"December\"]' data-rn-cl-date='[\"Su\",\"Mo\",\"Tu\",\"We\",\"Th\",\"Fr\",\"Sa\"]' data-rn-start-date=\"1\">\n                <\/div>\n            <\/div>\n        <\/div>\n        <div class=\"col0 c1\">\n            <div class=\"input1_wrapper border-l border-b border-t border-r\">\n                <label>Check out<\/label>\n                    <div class=\"input1_inner\">\n                        <input name=\"room_checkout_ids\" type=\"text\" class=\"form-control input datepicker\" value=\"2026-04-30\" placeholder=\"Check out\" autocomplete=\"off\" data-rn-cl-months='[\"January\",\"February\",\"March\",\"April\",\"May\", \"June\",\"July\",\"August\",\"September\",\"October\",\"November\",\"December\"]' data-rn-cl-date='[\"Su\",\"Mo\",\"Tu\",\"We\",\"Th\",\"Fr\",\"Sa\"]' data-rn-start-date=\"1\">\n                    <\/div>\n            <\/div>\n        <\/div>\t\t        <div class=\"col1 c1\">\n            <div class=\"select1_wrapper border-l border-b border-t border-r\">\n                <label>Adult<\/label>\n                <div class=\"select1_inner\">\n                    <select id=\"room_adult_ids\" name=\"room_adult_ids\" class=\"select2 select\" style=\"width: 100%\" onchange=\"onAdultsUpdate()\">\n                        \t\t\t\t\t\t<option value=\"86\">1 Erwachsene<\/option>\n\t\t\t\t\t\t\t\t\t\t\t\t<option value=\"87\">2 Erwachsene<\/option>\n\t\t\t\t\t\t                    <\/select>\n                <\/div>\n            <\/div>\n        <\/div>\n\t\t\t\t\t\t        <div class=\"col1 c1\">\n            <input type=\"hidden\" name=\"post_type\" value=\"product\" \/>\n\t\t\t<script type=\"text\/javascript\">\n\t\t\t\tfunction getBookingDetails() {\n\t\t\t\t\tvar adultsAsString = jQuery('#room_adult_ids').select2('data')[0].text;\n\t\t\t\t\tvar childrenAsString = \"0\"; \/\/ jQuery('#room_children_ids').select2('data')[0].text;\n\t\t\t\t\tvar checkInDate = jQuery('input[name^=room_checkin_ids]').val();\n\t\t\t\t\tvar checkOutDate = jQuery('input[name^=room_checkout_ids]').val();\t\t\t\t\t\n\t\t\t\t\tvar adults = adultsAsString.match(\/\\d+\/g) ? adultsAsString.match(\/\\d+\/g)[0] : 1;\n\t\t\t\t\tvar children = childrenAsString.match(\/\\d+\/g) ? childrenAsString.match(\/\\d+\/g)[0] : 0;\t\t\t\t\t\n\t\t\t\t\t\n\t\t\t\t\t\/\/ Target URL for PynBooking system\n\t\t\t\t\tvar targetURL = 'https:\/\/sennse-boutique-hotel.pynbooking.direct\/?checkin=' + checkInDate + '&checkout=' + checkOutDate + '&adults=' + adults + '&children=' + children;\n\t\t\t\t\tvar link = document.createElement('a');\n\t\t\t\t\tlink.href = targetURL;\n\t\t\t\t\tdocument.body.appendChild(link);\n\t\t\t\t\tlink.click();\n\t\t\t\t}\n\t\t\t\t\n\t\t\t\tvar buffer = null;\n\t\t\t\tfunction onAdultsUpdate() {\t\t\t\t\t\n\t\t\t\t\t\/* var adultsAsString = jQuery('#room_adult_ids').select2('data')[0].text;\n\t\t\t\t\tvar adults = adultsAsString.match(\/\\d+\/g) ? adultsAsString.match(\/\\d+\/g)[0] : 1;\n\t\t\t\t\t\n\t\t\t\t\tif (adults > 1) {\t\t\t\t\t\n\t\t\t\t\t\tbuffer = jQuery('#room_children_ids option')[1];\n\t\t\t\t\t\tjQuery('#room_children_ids option')[1].remove();\n\t\t\t\t\t} else {\t\t\t\t\t\t\n\t\t\t\t\t\tjQuery('#room_children_ids').append(buffer);\n\t\t\t\t\t\tjQuery('#room_children_ids').val(jQuery('#room_children_ids option')[0].value);\n\t\t\t\t\t} *\/\n\t\t\t\t}\n\t\t\t<\/script>\n            <button type=\"button\" onclick=\"getBookingDetails()\" class=\"btn-form1-submit\">Buchen<\/button>\n        <\/div>\n    <\/form>\n<\/div>\n\t\t\n    \t\t\t\t<\/div>\n\t\t\t\t<\/div>\n\t\t\t\t\t<\/div>\n\t\t\t\t<\/div>\n\t\t\t\t<\/div>\n\t\t","protected":false},"excerpt":{"rendered":"<p>\u00dcber uns Willkommen! \u00dcber uns: Im Sennse Boutique Hotel, Adults Friendly &#8211; ausschlie\u00dflich f\u00fcr Erwachsene &#8211; ist jedes Detail darauf ausgerichtet, Ihnen ein unvergessliches Erlebnis zu bieten. Mit seiner privilegierten Lage im Herzen des historischen Zentrums von Sibiu bietet Ihnen unser Hotel schnellen Zugang zu den sch\u00f6nsten Sehensw\u00fcrdigkeiten der Stadt, einschlie\u00dflich des Hauptplatzes und der charmanten Stra\u00dfen der Altstadt. Wir<\/p>\n","protected":false},"author":2,"featured_media":7829,"parent":0,"menu_order":0,"comment_status":"closed","ping_status":"closed","template":"","meta":{"footnotes":"","_links_to":"","_links_to_target":""},"class_list":["post-5904","page","type-page","status-publish","has-post-thumbnail","hentry"],"yoast_head":"<!-- This site is optimized with the Yoast SEO plugin v25.7 - https:\/\/yoast.com\/wordpress\/plugins\/seo\/ -->\n<title>\u00dcber Sennse - Sennse Boutique Hotel<\/title>\n<meta name=\"robots\" content=\"index, follow, max-snippet:-1, max-image-preview:large, max-video-preview:-1\" \/>\n<link rel=\"canonical\" href=\"https:\/\/sennse-hotel.ro\/de\/ueber-sennse\/\" \/>\n<meta property=\"og:locale\" content=\"de_DE\" \/>\n<meta property=\"og:type\" content=\"article\" \/>\n<meta property=\"og:title\" content=\"\u00dcber Sennse - Sennse Boutique Hotel\" \/>\n<meta property=\"og:description\" content=\"\u00dcber uns Willkommen! \u00dcber uns: Im Sennse Boutique Hotel, Adults Friendly &#8211; ausschlie\u00dflich f\u00fcr Erwachsene &#8211; ist jedes Detail darauf ausgerichtet, Ihnen ein unvergessliches Erlebnis zu bieten. Mit seiner privilegierten Lage im Herzen des historischen Zentrums von Sibiu bietet Ihnen unser Hotel schnellen Zugang zu den sch\u00f6nsten Sehensw\u00fcrdigkeiten der Stadt, einschlie\u00dflich des Hauptplatzes und der charmanten Stra\u00dfen der Altstadt. Wir\" \/>\n<meta property=\"og:url\" content=\"https:\/\/sennse-hotel.ro\/de\/ueber-sennse\/\" \/>\n<meta property=\"og:site_name\" content=\"Sennse Boutique Hotel\" \/>\n<meta property=\"article:modified_time\" content=\"2025-10-27T21:18:16+00:00\" \/>\n<meta property=\"og:image\" content=\"https:\/\/sennse-hotel.ro\/wp-content\/uploads\/2025\/05\/IMG_3284-281.webp\" \/>\n<meta name=\"twitter:card\" content=\"summary_large_image\" \/>\n<meta name=\"twitter:label1\" content=\"Gesch\u00e4tzte Lesezeit\" \/>\n\t<meta name=\"twitter:data1\" content=\"1\u00a0Minute\" \/>\n<script type=\"application\/ld+json\" class=\"yoast-schema-graph\">{\"@context\":\"https:\/\/schema.org\",\"@graph\":[{\"@type\":\"WebPage\",\"@id\":\"https:\/\/sennse-hotel.ro\/de\/ueber-sennse\/\",\"url\":\"https:\/\/sennse-hotel.ro\/de\/ueber-sennse\/\",\"name\":\"\u00dcber Sennse - Sennse Boutique Hotel\",\"isPartOf\":{\"@id\":\"https:\/\/sennse-hotel.ro\/de\/#website\"},\"primaryImageOfPage\":{\"@id\":\"https:\/\/sennse-hotel.ro\/de\/ueber-sennse\/#primaryimage\"},\"image\":{\"@id\":\"https:\/\/sennse-hotel.ro\/de\/ueber-sennse\/#primaryimage\"},\"thumbnailUrl\":\"https:\/\/sennse-hotel.ro\/wp-content\/uploads\/2025\/11\/IMG_2678-13-scaled.jpg\",\"datePublished\":\"2023-10-21T19:36:46+00:00\",\"dateModified\":\"2025-10-27T21:18:16+00:00\",\"breadcrumb\":{\"@id\":\"https:\/\/sennse-hotel.ro\/de\/ueber-sennse\/#breadcrumb\"},\"inLanguage\":\"de\",\"potentialAction\":[{\"@type\":\"ReadAction\",\"target\":[\"https:\/\/sennse-hotel.ro\/de\/ueber-sennse\/\"]}]},{\"@type\":\"ImageObject\",\"inLanguage\":\"de\",\"@id\":\"https:\/\/sennse-hotel.ro\/de\/ueber-sennse\/#primaryimage\",\"url\":\"https:\/\/sennse-hotel.ro\/wp-content\/uploads\/2025\/11\/IMG_2678-13-scaled.jpg\",\"contentUrl\":\"https:\/\/sennse-hotel.ro\/wp-content\/uploads\/2025\/11\/IMG_2678-13-scaled.jpg\",\"width\":2560,\"height\":1829,\"caption\":\"Despre Sennse\"},{\"@type\":\"BreadcrumbList\",\"@id\":\"https:\/\/sennse-hotel.ro\/de\/ueber-sennse\/#breadcrumb\",\"itemListElement\":[{\"@type\":\"ListItem\",\"position\":1,\"name\":\"Startseite\",\"item\":\"https:\/\/sennse-hotel.ro\/de\/startseite\/\"},{\"@type\":\"ListItem\",\"position\":2,\"name\":\"\u00dcber Sennse\"}]},{\"@type\":\"WebSite\",\"@id\":\"https:\/\/sennse-hotel.ro\/de\/#website\",\"url\":\"https:\/\/sennse-hotel.ro\/de\/\",\"name\":\"Sennse Boutique Hotel\",\"description\":\"\",\"potentialAction\":[{\"@type\":\"SearchAction\",\"target\":{\"@type\":\"EntryPoint\",\"urlTemplate\":\"https:\/\/sennse-hotel.ro\/de\/?s={search_term_string}\"},\"query-input\":{\"@type\":\"PropertyValueSpecification\",\"valueRequired\":true,\"valueName\":\"search_term_string\"}}],\"inLanguage\":\"de\"}]}<\/script>\n<!-- \/ Yoast SEO plugin. -->","yoast_head_json":{"title":"\u00dcber Sennse - Sennse Boutique Hotel","robots":{"index":"index","follow":"follow","max-snippet":"max-snippet:-1","max-image-preview":"max-image-preview:large","max-video-preview":"max-video-preview:-1"},"canonical":"https:\/\/sennse-hotel.ro\/de\/ueber-sennse\/","og_locale":"de_DE","og_type":"article","og_title":"\u00dcber Sennse - Sennse Boutique Hotel","og_description":"\u00dcber uns Willkommen! \u00dcber uns: Im Sennse Boutique Hotel, Adults Friendly &#8211; ausschlie\u00dflich f\u00fcr Erwachsene &#8211; ist jedes Detail darauf ausgerichtet, Ihnen ein unvergessliches Erlebnis zu bieten. Mit seiner privilegierten Lage im Herzen des historischen Zentrums von Sibiu bietet Ihnen unser Hotel schnellen Zugang zu den sch\u00f6nsten Sehensw\u00fcrdigkeiten der Stadt, einschlie\u00dflich des Hauptplatzes und der charmanten Stra\u00dfen der Altstadt. Wir","og_url":"https:\/\/sennse-hotel.ro\/de\/ueber-sennse\/","og_site_name":"Sennse Boutique Hotel","article_modified_time":"2025-10-27T21:18:16+00:00","og_image":[{"url":"https:\/\/sennse-hotel.ro\/wp-content\/uploads\/2025\/05\/IMG_3284-281.webp","type":"","width":"","height":""}],"twitter_card":"summary_large_image","twitter_misc":{"Gesch\u00e4tzte Lesezeit":"1\u00a0Minute"},"schema":{"@context":"https:\/\/schema.org","@graph":[{"@type":"WebPage","@id":"https:\/\/sennse-hotel.ro\/de\/ueber-sennse\/","url":"https:\/\/sennse-hotel.ro\/de\/ueber-sennse\/","name":"\u00dcber Sennse - Sennse Boutique Hotel","isPartOf":{"@id":"https:\/\/sennse-hotel.ro\/de\/#website"},"primaryImageOfPage":{"@id":"https:\/\/sennse-hotel.ro\/de\/ueber-sennse\/#primaryimage"},"image":{"@id":"https:\/\/sennse-hotel.ro\/de\/ueber-sennse\/#primaryimage"},"thumbnailUrl":"https:\/\/sennse-hotel.ro\/wp-content\/uploads\/2025\/11\/IMG_2678-13-scaled.jpg","datePublished":"2023-10-21T19:36:46+00:00","dateModified":"2025-10-27T21:18:16+00:00","breadcrumb":{"@id":"https:\/\/sennse-hotel.ro\/de\/ueber-sennse\/#breadcrumb"},"inLanguage":"de","potentialAction":[{"@type":"ReadAction","target":["https:\/\/sennse-hotel.ro\/de\/ueber-sennse\/"]}]},{"@type":"ImageObject","inLanguage":"de","@id":"https:\/\/sennse-hotel.ro\/de\/ueber-sennse\/#primaryimage","url":"https:\/\/sennse-hotel.ro\/wp-content\/uploads\/2025\/11\/IMG_2678-13-scaled.jpg","contentUrl":"https:\/\/sennse-hotel.ro\/wp-content\/uploads\/2025\/11\/IMG_2678-13-scaled.jpg","width":2560,"height":1829,"caption":"Despre Sennse"},{"@type":"BreadcrumbList","@id":"https:\/\/sennse-hotel.ro\/de\/ueber-sennse\/#breadcrumb","itemListElement":[{"@type":"ListItem","position":1,"name":"Startseite","item":"https:\/\/sennse-hotel.ro\/de\/startseite\/"},{"@type":"ListItem","position":2,"name":"\u00dcber Sennse"}]},{"@type":"WebSite","@id":"https:\/\/sennse-hotel.ro\/de\/#website","url":"https:\/\/sennse-hotel.ro\/de\/","name":"Sennse Boutique Hotel","description":"","potentialAction":[{"@type":"SearchAction","target":{"@type":"EntryPoint","urlTemplate":"https:\/\/sennse-hotel.ro\/de\/?s={search_term_string}"},"query-input":{"@type":"PropertyValueSpecification","valueRequired":true,"valueName":"search_term_string"}}],"inLanguage":"de"}]}},"_links":{"self":[{"href":"https:\/\/sennse-hotel.ro\/de\/wp-json\/wp\/v2\/pages\/5904","targetHints":{"allow":["GET"]}}],"collection":[{"href":"https:\/\/sennse-hotel.ro\/de\/wp-json\/wp\/v2\/pages"}],"about":[{"href":"https:\/\/sennse-hotel.ro\/de\/wp-json\/wp\/v2\/types\/page"}],"author":[{"embeddable":true,"href":"https:\/\/sennse-hotel.ro\/de\/wp-json\/wp\/v2\/users\/2"}],"replies":[{"embeddable":true,"href":"https:\/\/sennse-hotel.ro\/de\/wp-json\/wp\/v2\/comments?post=5904"}],"version-history":[{"count":3,"href":"https:\/\/sennse-hotel.ro\/de\/wp-json\/wp\/v2\/pages\/5904\/revisions"}],"predecessor-version":[{"id":7704,"href":"https:\/\/sennse-hotel.ro\/de\/wp-json\/wp\/v2\/pages\/5904\/revisions\/7704"}],"wp:featuredmedia":[{"embeddable":true,"href":"https:\/\/sennse-hotel.ro\/de\/wp-json\/wp\/v2\/media\/7829"}],"wp:attachment":[{"href":"https:\/\/sennse-hotel.ro\/de\/wp-json\/wp\/v2\/media?parent=5904"}],"curies":[{"name":"wp","href":"https:\/\/api.w.org\/{rel}","templated":true}]}}