{"id":5902,"date":"2023-10-23T22:26:43","date_gmt":"2023-10-23T20:26:43","guid":{"rendered":"https:\/\/sennse-hotel.ro\/contact\/"},"modified":"2025-06-30T11:25:28","modified_gmt":"2025-06-30T09:25:28","slug":"contact","status":"publish","type":"page","link":"https:\/\/sennse-hotel.ro\/fr\/contact\/","title":{"rendered":"Contact"},"content":{"rendered":"\t\t<div data-elementor-type=\"wp-page\" data-elementor-id=\"5902\" class=\"elementor elementor-5902 elementor-1401\">\n\t\t\t\t<div class=\"elementor-element elementor-element-7382885b e-con-full e-flex e-con e-parent\" data-id=\"7382885b\" data-element_type=\"container\" data-settings=\"{&quot;background_background&quot;:&quot;classic&quot;}\">\n\t\t\t\t<div class=\"elementor-element elementor-element-6de1e63e elementor-widget elementor-widget-patara-banner-image\" data-id=\"6de1e63e\" data-element_type=\"widget\" data-widget_type=\"patara-banner-image.default\">\n\t\t\t\t<div class=\"elementor-widget-container\">\n\t\t\t\t\t\t\t\n\t<!-- Header Banner -->\n\t<header class=\"header\">\n\n\t\t\t\t<div class=\"banner-header full-height valign bg-img bg-fixed text-center\" data-overlay-dark=\"5\" data-background=\"https:\/\/sennse-hotel.ro\/wp-content\/uploads\/2025\/05\/06-banner-1.webp\">\n\t\t\t\t\t\t\t\t\t\t\t\t<div class=\"container\">\n\t\t\t\t\t<div class=\"row\">\n\t\t\t\t\t\t<div class=\"col-md-12 offset-0\">\n\t\t\t\t\t\t\t<div class=\"caption\">\n\n\t\t\t\t\t\t\t\t\t\t\t\t\t\t\t\t\n\t\t\t\t\t\t\t\t\n\t\t\t\t\t\t\t\t\t\t\t\t\t\t\t\t<h4 class=\"pt-slider-title1-class\">Des questions ?<\/h4>\n\t\t\t\t\t\t\t\t\t\t\t\t\t\t\t\t\t\t\t\t\t\t\t\t<h1 class=\"pt-slider-title2-class\">Contactez nous !<\/h1>\n\t\t\t\t\t\t\t\t\t\t\t\t\t\t\t\t\t\t\t\t\t\t\t<\/div>\t\t\t\t\t\t\n\t\t\t\t\t\t<\/div>\t\t\t\t\t\t\n\t\t\t\t\t<\/div>\n\t\t\t\t<\/div>\n\t\t\t\t\t\t\t\t<!-- button scroll -->\n\t\t\t\t<a href=\"#contact\" data-scroll-nav=\"1\" class=\"mouse smoothscroll\">\n\t\t\t\t\t<span class=\"mouse-icon\">\n\t\t\t\t\t\t<span class=\"mouse-wheel\"><\/span>\n\t\t\t\t\t<\/span>\n\t\t\t\t<\/a>\t\n\t\t\t\t\t\t\t\t\t\n\t\t\t\t\t\t\n        <\/div>\t\t\t\n\t<\/header>\t\t\n\t\t\t\n    \t\t\t\t<\/div>\n\t\t\t\t<\/div>\n\t\t\t\t<\/div>\n\t\t<div class=\"elementor-element elementor-element-9334538 e-flex e-con-boxed e-con e-parent\" data-id=\"9334538\" data-element_type=\"container\" id=\"contact\" data-settings=\"{&quot;background_background&quot;:&quot;classic&quot;}\">\n\t\t\t\t\t<div class=\"e-con-inner\">\n\t\t<div class=\"elementor-element elementor-element-2624878a e-con-full e-flex e-con e-child\" data-id=\"2624878a\" data-element_type=\"container\">\n\t\t\t\t<div class=\"elementor-element elementor-element-2aac345e elementor-widget elementor-widget-patara-title\" data-id=\"2aac345e\" data-element_type=\"widget\" data-widget_type=\"patara-title.default\">\n\t\t\t\t<div class=\"elementor-widget-container\">\n\t\t\t\t\t\t\t\n\t\t\t\t\t\t\t\t<div class=\"sub-title border-bot-light\">\n\t\t\tComment nous contacter ?<\/h4><\/div>\n\t\t\t\t\t\n\t\t\t\n        \t\t\t\t<\/div>\n\t\t\t\t<\/div>\n\t\t\t\t<\/div>\n\t\t<div class=\"elementor-element elementor-element-1808a932 e-con-full e-flex e-con e-child\" data-id=\"1808a932\" data-element_type=\"container\">\n\t\t\t\t<div class=\"elementor-element elementor-element-175bdc2d elementor-widget elementor-widget-patara-title\" data-id=\"175bdc2d\" data-element_type=\"widget\" data-widget_type=\"patara-title.default\">\n\t\t\t\t<div class=\"elementor-widget-container\">\n\t\t\t\t\t\t\t\n\t\t\n\t\t\t\t\t\t\t\n\t\t\t<h4 class=\"section-title black text-left\">T\u00e9l\u00e9phone, courriel, formulaire de contact<\/h4>\t\t\t\t\n\t\t\t<div class=\"section-text text-left black\"><p><p>Vous souhaitez obtenir plus d'informations ? Vous avez des questions sp\u00e9cifiques auxquelles vous ne trouvez pas de r\u00e9ponse sur le site web ? Vous pouvez nous appeler ou nous \u00e9crire. Laissez-nous un message et nous vous r\u00e9pondrons dans les plus brefs d\u00e9lais.   <\/p><\/p><\/div>\n        \n\t\t\t\n        \t\t\t\t<\/div>\n\t\t\t\t<\/div>\n\t\t<div class=\"elementor-element elementor-element-39f4d8a7 e-con-full e-flex e-con e-child\" data-id=\"39f4d8a7\" data-element_type=\"container\">\n\t\t<div class=\"elementor-element elementor-element-72defd92 e-con-full e-flex e-con e-child\" data-id=\"72defd92\" data-element_type=\"container\">\n\t\t\t\t<div class=\"elementor-element elementor-element-97de103 elementor-widget elementor-widget-patara-contact\" data-id=\"97de103\" data-element_type=\"widget\" data-widget_type=\"patara-contact.default\">\n\t\t\t\t<div class=\"elementor-widget-container\">\n\t\t\t\t\t        \t\t\n\t\t\n\t\t<div class=\"sec-contact-info sec-reservations\">\n\t\t    \n\t\t\t\t\t\t\n\t\t\t\t\t\t\t\t\t                        <div class=\"reservations mb-15\">\t\n \t\t\t\t\t\t    <div class=\"icon\">\n\t\t\t\t\t\t\t\t\t\t\n\t\t\t\t\t\t\t\t\t<span class=\"flaticon-call\"><\/span>\n\t\t\t\t\t\t\t\t\t\t\t\t\t\t\t\t\n\t\t\t\t\t\t\t<\/div>\n\t\t\t\t\t\t\t<div class=\"text\">\n\t\t\t\t\t\t        <p>T\u00e9l\u00e9phone<\/p> <a href=\"tel:+40 741 073 867\">+40 741 073 867<\/a>\n\t\t\t\t\t\t   <\/div>\n\t\t\t\t\t\t<\/div>\n\t\t\t\t\t\t \n\n\t\t\t\t\t\t\t\t\t\t\n                        <div class=\"reservations mb-15\">\t\n \t\t\t\t\t\t    <div class=\"icon\">\n\t\t\t\t\t\t\t\t\t\n\t\t\t\t\t\t\t\t\t<span class=\"flaticon-envelope\"><\/span>\n\t\t\t\t\t\t\t\t\t\t\t\t\t\t\t\t\n\t\t\t\t\t\t\t<\/div>\n\t\t\t\t\t\t\t<div class=\"text\">\n\t\t\t\t\t\t        <p>Courriel  <\/p> <a href=\"mailto:frontoffice@sennse-hotel.ro\">frontoffice@sennse-hotel.ro<\/a>\n\t\t\t\t\t\t   <\/div>\n\t\t\t\t\t\t<\/div>\n\t\t\t\t\t\t \n\n\t\t\t\t\t\t\t\t\t                        <div class=\"reservations mb-15\">\t\n \t\t\t\t\t\t    <div class=\"icon\">\n\t\t\t\t\t\t\t\t\t\t\t\t\t\t\t\t\t<span class=\"flaticon-location-pin\"><\/span>\n\t\t\t\t\t\t\t\t\t\t\t\t\t\t\t\t\n\t\t\t\t\t\t\t<\/div>\n\t\t\t\t\t\t\t<div class=\"text\">\n\t\t\t\t\t\t        <p>Adresse<\/p> Strada Rotarilor nr. 23, Sibiu, Roumanie,\nCode postal 550255\t\t\t\t\t\t   <\/div>\n\t\t\t\t\t\t<\/div>\t\t\t\t\t\n\t\t\t\t\t\t \n\n\t\t\t\t\t\t\t\t\n        <\/div>\t\t\n\n        \t\t\t\t<\/div>\n\t\t\t\t<\/div>\n\t\t\t\t<\/div>\n\t\t<div class=\"elementor-element elementor-element-47cfeeff e-con-full e-flex e-con e-child\" data-id=\"47cfeeff\" data-element_type=\"container\">\n\t\t\t\t<div class=\"elementor-element elementor-element-4830588 elementor-widget elementor-widget-patara-title\" data-id=\"4830588\" data-element_type=\"widget\" data-widget_type=\"patara-title.default\">\n\t\t\t\t<div class=\"elementor-widget-container\">\n\t\t\t\t\t\t\t\n\t\t            \t\t\t<h3 class=\"section-title2 text-left\">Envoyez-nous vos questions !<\/h3>\n\t\t\t\t\t\t\t\n\t\t\n\t\t\t\n        \t\t\t\t<\/div>\n\t\t\t\t<\/div>\n\t\t\t\t<div class=\"elementor-element elementor-element-e3a516e elementor-widget elementor-widget-patara-form\" data-id=\"e3a516e\" data-element_type=\"widget\" data-widget_type=\"patara-form.default\">\n\t\t\t\t<div class=\"elementor-widget-container\">\n\t\t\t\t\t\t\t\n\t\t<div class=\"sec-contact-form\">\t\t\t\n\t\t\t<div class=\"clearfix contact__form vc_template\">\t\t\n\t\t\t\t<p class=\"wpcf7-contact-form-not-found\"><strong>Erreur\u00a0:<\/strong> Formulaire de contact non trouv\u00e9\u00a0!<\/p>\t\t\t<\/div>\t\t\t\t\t\n\t\t<\/div>\t\n\t\t\n        \t\t\t\t<\/div>\n\t\t\t\t<\/div>\n\t\t\t\t<\/div>\n\t\t\t\t<\/div>\n\t\t\t\t<\/div>\n\t\t\t\t\t<\/div>\n\t\t\t\t<\/div>\n\t\t<div class=\"elementor-element elementor-element-1b805570 e-con-full e-flex e-con e-parent\" data-id=\"1b805570\" data-element_type=\"container\">\n\t\t\t\t<div class=\"elementor-element elementor-element-2083ca8 elementor-widget elementor-widget-google_maps\" data-id=\"2083ca8\" data-element_type=\"widget\" data-widget_type=\"google_maps.default\">\n\t\t\t\t<div class=\"elementor-widget-container\">\n\t\t\t\t\t\t\t<div class=\"elementor-custom-embed\">\n\t\t\t<iframe loading=\"lazy\"\n\t\t\t\t\tsrc=\"https:\/\/maps.google.com\/maps?q=Sennse%20Boutique%20Hotel&#038;t=m&#038;z=17&#038;output=embed&#038;iwloc=near\"\n\t\t\t\t\ttitle=\"Sennse Boutique Hotel\"\n\t\t\t\t\taria-label=\"Sennse Boutique Hotel\"\n\t\t\t><\/iframe>\n\t\t<\/div>\n\t\t\t\t\t\t<\/div>\n\t\t\t\t<\/div>\n\t\t\t\t<\/div>\n\t\t\t\t<\/div>\n\t\t","protected":false},"excerpt":{"rendered":"<p>Des questions ? Contactez nous ! Comment nous contacter ? T\u00e9l\u00e9phone, courriel, formulaire de contact Vous souhaitez obtenir plus d&#8217;informations ? Vous avez des questions sp\u00e9cifiques auxquelles vous ne trouvez pas de r\u00e9ponse sur le site web ? Vous pouvez nous appeler ou nous \u00e9crire. Laissez-nous un message et nous vous r\u00e9pondrons dans les plus brefs d\u00e9lais. T\u00e9l\u00e9phone +40 741<\/p>\n","protected":false},"author":2,"featured_media":7640,"parent":0,"menu_order":0,"comment_status":"closed","ping_status":"closed","template":"","meta":{"footnotes":"","_links_to":"","_links_to_target":""},"class_list":["post-5902","page","type-page","status-publish","has-post-thumbnail","hentry"],"yoast_head":"<!-- This site is optimized with the Yoast SEO plugin v25.7 - https:\/\/yoast.com\/wordpress\/plugins\/seo\/ -->\n<title>Contact - Sennse Boutique Hotel<\/title>\n<meta name=\"robots\" content=\"index, follow, max-snippet:-1, max-image-preview:large, max-video-preview:-1\" \/>\n<link rel=\"canonical\" href=\"https:\/\/sennse-hotel.ro\/fr\/contact\/\" \/>\n<meta property=\"og:locale\" content=\"fr_FR\" \/>\n<meta property=\"og:type\" content=\"article\" \/>\n<meta property=\"og:title\" content=\"Contact - Sennse Boutique Hotel\" \/>\n<meta property=\"og:description\" content=\"Des questions ? Contactez nous ! Comment nous contacter ? T\u00e9l\u00e9phone, courriel, formulaire de contact Vous souhaitez obtenir plus d&#8217;informations ? Vous avez des questions sp\u00e9cifiques auxquelles vous ne trouvez pas de r\u00e9ponse sur le site web ? Vous pouvez nous appeler ou nous \u00e9crire. Laissez-nous un message et nous vous r\u00e9pondrons dans les plus brefs d\u00e9lais. T\u00e9l\u00e9phone +40 741\" \/>\n<meta property=\"og:url\" content=\"https:\/\/sennse-hotel.ro\/fr\/contact\/\" \/>\n<meta property=\"og:site_name\" content=\"Sennse Boutique Hotel\" \/>\n<meta property=\"article:modified_time\" content=\"2025-06-30T09:25:28+00:00\" \/>\n<meta name=\"twitter:card\" content=\"summary_large_image\" \/>\n<script type=\"application\/ld+json\" class=\"yoast-schema-graph\">{\"@context\":\"https:\/\/schema.org\",\"@graph\":[{\"@type\":\"WebPage\",\"@id\":\"https:\/\/sennse-hotel.ro\/fr\/contact\/\",\"url\":\"https:\/\/sennse-hotel.ro\/fr\/contact\/\",\"name\":\"Contact - Sennse Boutique Hotel\",\"isPartOf\":{\"@id\":\"https:\/\/sennse-hotel.ro\/fr\/#website\"},\"primaryImageOfPage\":{\"@id\":\"https:\/\/sennse-hotel.ro\/fr\/contact\/#primaryimage\"},\"image\":{\"@id\":\"https:\/\/sennse-hotel.ro\/fr\/contact\/#primaryimage\"},\"thumbnailUrl\":\"https:\/\/sennse-hotel.ro\/wp-content\/uploads\/2025\/09\/banner-IMG_0048-21.webp\",\"datePublished\":\"2023-10-23T20:26:43+00:00\",\"dateModified\":\"2025-06-30T09:25:28+00:00\",\"breadcrumb\":{\"@id\":\"https:\/\/sennse-hotel.ro\/fr\/contact\/#breadcrumb\"},\"inLanguage\":\"fr-FR\",\"potentialAction\":[{\"@type\":\"ReadAction\",\"target\":[\"https:\/\/sennse-hotel.ro\/fr\/contact\/\"]}]},{\"@type\":\"ImageObject\",\"inLanguage\":\"fr-FR\",\"@id\":\"https:\/\/sennse-hotel.ro\/fr\/contact\/#primaryimage\",\"url\":\"https:\/\/sennse-hotel.ro\/wp-content\/uploads\/2025\/09\/banner-IMG_0048-21.webp\",\"contentUrl\":\"https:\/\/sennse-hotel.ro\/wp-content\/uploads\/2025\/09\/banner-IMG_0048-21.webp\",\"width\":1920,\"height\":1280,\"caption\":\"contact\"},{\"@type\":\"BreadcrumbList\",\"@id\":\"https:\/\/sennse-hotel.ro\/fr\/contact\/#breadcrumb\",\"itemListElement\":[{\"@type\":\"ListItem\",\"position\":1,\"name\":\"Home\",\"item\":\"https:\/\/sennse-hotel.ro\/fr\/\"},{\"@type\":\"ListItem\",\"position\":2,\"name\":\"Contact\"}]},{\"@type\":\"WebSite\",\"@id\":\"https:\/\/sennse-hotel.ro\/fr\/#website\",\"url\":\"https:\/\/sennse-hotel.ro\/fr\/\",\"name\":\"Sennse Boutique Hotel\",\"description\":\"\",\"potentialAction\":[{\"@type\":\"SearchAction\",\"target\":{\"@type\":\"EntryPoint\",\"urlTemplate\":\"https:\/\/sennse-hotel.ro\/fr\/?s={search_term_string}\"},\"query-input\":{\"@type\":\"PropertyValueSpecification\",\"valueRequired\":true,\"valueName\":\"search_term_string\"}}],\"inLanguage\":\"fr-FR\"}]}<\/script>\n<!-- \/ Yoast SEO plugin. -->","yoast_head_json":{"title":"Contact - Sennse Boutique Hotel","robots":{"index":"index","follow":"follow","max-snippet":"max-snippet:-1","max-image-preview":"max-image-preview:large","max-video-preview":"max-video-preview:-1"},"canonical":"https:\/\/sennse-hotel.ro\/fr\/contact\/","og_locale":"fr_FR","og_type":"article","og_title":"Contact - Sennse Boutique Hotel","og_description":"Des questions ? Contactez nous ! Comment nous contacter ? T\u00e9l\u00e9phone, courriel, formulaire de contact Vous souhaitez obtenir plus d&#8217;informations ? Vous avez des questions sp\u00e9cifiques auxquelles vous ne trouvez pas de r\u00e9ponse sur le site web ? Vous pouvez nous appeler ou nous \u00e9crire. Laissez-nous un message et nous vous r\u00e9pondrons dans les plus brefs d\u00e9lais. T\u00e9l\u00e9phone +40 741","og_url":"https:\/\/sennse-hotel.ro\/fr\/contact\/","og_site_name":"Sennse Boutique Hotel","article_modified_time":"2025-06-30T09:25:28+00:00","twitter_card":"summary_large_image","schema":{"@context":"https:\/\/schema.org","@graph":[{"@type":"WebPage","@id":"https:\/\/sennse-hotel.ro\/fr\/contact\/","url":"https:\/\/sennse-hotel.ro\/fr\/contact\/","name":"Contact - Sennse Boutique Hotel","isPartOf":{"@id":"https:\/\/sennse-hotel.ro\/fr\/#website"},"primaryImageOfPage":{"@id":"https:\/\/sennse-hotel.ro\/fr\/contact\/#primaryimage"},"image":{"@id":"https:\/\/sennse-hotel.ro\/fr\/contact\/#primaryimage"},"thumbnailUrl":"https:\/\/sennse-hotel.ro\/wp-content\/uploads\/2025\/09\/banner-IMG_0048-21.webp","datePublished":"2023-10-23T20:26:43+00:00","dateModified":"2025-06-30T09:25:28+00:00","breadcrumb":{"@id":"https:\/\/sennse-hotel.ro\/fr\/contact\/#breadcrumb"},"inLanguage":"fr-FR","potentialAction":[{"@type":"ReadAction","target":["https:\/\/sennse-hotel.ro\/fr\/contact\/"]}]},{"@type":"ImageObject","inLanguage":"fr-FR","@id":"https:\/\/sennse-hotel.ro\/fr\/contact\/#primaryimage","url":"https:\/\/sennse-hotel.ro\/wp-content\/uploads\/2025\/09\/banner-IMG_0048-21.webp","contentUrl":"https:\/\/sennse-hotel.ro\/wp-content\/uploads\/2025\/09\/banner-IMG_0048-21.webp","width":1920,"height":1280,"caption":"contact"},{"@type":"BreadcrumbList","@id":"https:\/\/sennse-hotel.ro\/fr\/contact\/#breadcrumb","itemListElement":[{"@type":"ListItem","position":1,"name":"Home","item":"https:\/\/sennse-hotel.ro\/fr\/"},{"@type":"ListItem","position":2,"name":"Contact"}]},{"@type":"WebSite","@id":"https:\/\/sennse-hotel.ro\/fr\/#website","url":"https:\/\/sennse-hotel.ro\/fr\/","name":"Sennse Boutique Hotel","description":"","potentialAction":[{"@type":"SearchAction","target":{"@type":"EntryPoint","urlTemplate":"https:\/\/sennse-hotel.ro\/fr\/?s={search_term_string}"},"query-input":{"@type":"PropertyValueSpecification","valueRequired":true,"valueName":"search_term_string"}}],"inLanguage":"fr-FR"}]}},"_links":{"self":[{"href":"https:\/\/sennse-hotel.ro\/fr\/wp-json\/wp\/v2\/pages\/5902","targetHints":{"allow":["GET"]}}],"collection":[{"href":"https:\/\/sennse-hotel.ro\/fr\/wp-json\/wp\/v2\/pages"}],"about":[{"href":"https:\/\/sennse-hotel.ro\/fr\/wp-json\/wp\/v2\/types\/page"}],"author":[{"embeddable":true,"href":"https:\/\/sennse-hotel.ro\/fr\/wp-json\/wp\/v2\/users\/2"}],"replies":[{"embeddable":true,"href":"https:\/\/sennse-hotel.ro\/fr\/wp-json\/wp\/v2\/comments?post=5902"}],"version-history":[{"count":7,"href":"https:\/\/sennse-hotel.ro\/fr\/wp-json\/wp\/v2\/pages\/5902\/revisions"}],"predecessor-version":[{"id":6968,"href":"https:\/\/sennse-hotel.ro\/fr\/wp-json\/wp\/v2\/pages\/5902\/revisions\/6968"}],"wp:featuredmedia":[{"embeddable":true,"href":"https:\/\/sennse-hotel.ro\/fr\/wp-json\/wp\/v2\/media\/7640"}],"wp:attachment":[{"href":"https:\/\/sennse-hotel.ro\/fr\/wp-json\/wp\/v2\/media?parent=5902"}],"curies":[{"name":"wp","href":"https:\/\/api.w.org\/{rel}","templated":true}]}}