{"id":5906,"date":"2023-10-21T21:36:46","date_gmt":"2023-10-21T19:36:46","guid":{"rendered":"https:\/\/sennse-hotel.ro\/a-propos-de-sennse\/"},"modified":"2025-10-27T23:17:34","modified_gmt":"2025-10-27T21:17:34","slug":"a-propos-de-sennse","status":"publish","type":"page","link":"https:\/\/sennse-hotel.ro\/fr\/a-propos-de-sennse\/","title":{"rendered":"\u00c0 propos de Sennse"},"content":{"rendered":"\t\t<div data-elementor-type=\"wp-page\" data-elementor-id=\"5906\" class=\"elementor elementor-5906 elementor-714\">\n\t\t\t\t<div class=\"elementor-element elementor-element-14e42542 e-con-full e-flex e-con e-parent\" data-id=\"14e42542\" data-element_type=\"container\" data-settings=\"{&quot;background_background&quot;:&quot;classic&quot;}\">\n\t\t\t\t<div class=\"elementor-element elementor-element-226f2218 elementor-widget elementor-widget-patara-banner-image\" data-id=\"226f2218\" data-element_type=\"widget\" data-widget_type=\"patara-banner-image.default\">\n\t\t\t\t<div class=\"elementor-widget-container\">\n\t\t\t\t\t\t\t\n\t<!-- Header Banner -->\n\t<header class=\"header\">\n\n\t\t\t\t<div class=\"banner-header full-height valign bg-img bg-fixed text-center\" data-overlay-dark=\"4\" data-background=\"https:\/\/sennse-hotel.ro\/wp-content\/uploads\/2025\/05\/03-banner-1.webp\">\n\t\t\t\t\t\t\t\t\t\t\t\t<div class=\"container\">\n\t\t\t\t\t<div class=\"row\">\n\t\t\t\t\t\t<div class=\"col-md-12 offset-0\">\n\t\t\t\t\t\t\t<div class=\"caption\">\n\n\t\t\t\t\t\t\t\t\t\t\t\t\t\t\t\t\n\t\t\t\t\t\t\t\t\n\t\t\t\t\t\t\t\t\t\t\t\t\t\t\t\t\t\t\t\t\t\t\t\t<h1 class=\"pt-slider-title2-class\">A propos de nous<\/h1>\n\t\t\t\t\t\t\t\t\t\t\t\t\t\t\t\t\t\t\t\t\t\t\t<\/div>\t\t\t\t\t\t\n\t\t\t\t\t\t<\/div>\t\t\t\t\t\t\n\t\t\t\t\t<\/div>\n\t\t\t\t<\/div>\n\t\t\t\t\t\t\t\t<!-- button scroll -->\n\t\t\t\t<a href=\"#about\" data-scroll-nav=\"1\" class=\"mouse smoothscroll\">\n\t\t\t\t\t<span class=\"mouse-icon\">\n\t\t\t\t\t\t<span class=\"mouse-wheel\"><\/span>\n\t\t\t\t\t<\/span>\n\t\t\t\t<\/a>\t\n\t\t\t\t\t\t\t\t\t\n\t\t\t\t\t\t\n        <\/div>\t\t\t\n\t<\/header>\t\t\n\t\t\t\n    \t\t\t\t<\/div>\n\t\t\t\t<\/div>\n\t\t\t\t<\/div>\n\t\t<div class=\"elementor-element elementor-element-d67a3d1 e-flex e-con-boxed e-con e-parent\" data-id=\"d67a3d1\" data-element_type=\"container\" id=\"about\" data-settings=\"{&quot;background_background&quot;:&quot;classic&quot;}\">\n\t\t\t\t\t<div class=\"e-con-inner\">\n\t\t<div class=\"elementor-element elementor-element-405ce09b e-con-full e-flex e-con e-child\" data-id=\"405ce09b\" data-element_type=\"container\">\n\t\t\t\t<div class=\"elementor-element elementor-element-1a8ef39 elementor-widget elementor-widget-patara-title\" data-id=\"1a8ef39\" data-element_type=\"widget\" data-widget_type=\"patara-title.default\">\n\t\t\t\t<div class=\"elementor-widget-container\">\n\t\t\t\t\t\t\t\n\t\t\t\t\t\t\t\t<div class=\"sub-title border-bot-light\">\n\t\t\tBienvenue !<\/h4><\/div>\n\t\t\t\t\t\n\t\t\t\n        \t\t\t\t<\/div>\n\t\t\t\t<\/div>\n\t\t\t\t<\/div>\n\t\t<div class=\"elementor-element elementor-element-182e28ef e-con-full e-flex e-con e-child\" data-id=\"182e28ef\" data-element_type=\"container\">\n\t\t<div class=\"elementor-element elementor-element-63c9fbae e-con-full e-flex e-con e-child\" data-id=\"63c9fbae\" data-element_type=\"container\">\n\t\t\t\t<div class=\"elementor-element elementor-element-24412d44 elementor-widget elementor-widget-patara-title\" data-id=\"24412d44\" data-element_type=\"widget\" data-widget_type=\"patara-title.default\">\n\t\t\t\t<div class=\"elementor-widget-container\">\n\t\t\t\t\t\t\t\n\t\t\n\t\t\t\t\t\t\t\n\t\t\t<h4 class=\"section-title black text-left\">A propos de nous :<\/h4>\t\t\t\t\n\t\t\t\n        \n\t\t\t\n        \t\t\t\t<\/div>\n\t\t\t\t<\/div>\n\t\t\t\t<\/div>\n\t\t<div class=\"elementor-element elementor-element-18d100d2 e-con-full e-flex e-con e-child\" data-id=\"18d100d2\" data-element_type=\"container\">\n\t\t<div class=\"elementor-element elementor-element-413f2e32 e-con-full e-flex e-con e-child\" data-id=\"413f2e32\" data-element_type=\"container\">\n\t\t\t\t<div class=\"elementor-element elementor-element-1de12747 elementor-widget elementor-widget-patara-text\" data-id=\"1de12747\" data-element_type=\"widget\" data-widget_type=\"patara-text.default\">\n\t\t\t\t<div class=\"elementor-widget-container\">\n\t\t\t\t\t\t\t\n\t\t<div class=\"section-text text-left black\"><p>Au Sennse Boutique Hotel, Adults Friendly - d\u00e9di\u00e9 exclusivement aux adultes, chaque d\u00e9tail est con\u00e7u pour vous offrir une exp\u00e9rience inoubliable. B\u00e9n\u00e9ficiant d'une situation privil\u00e9gi\u00e9e au c\u0153ur du centre historique de Sibiu, notre h\u00f4tel vous permet d'acc\u00e9der rapidement aux plus beaux sites de la ville, notamment la place principale et les charmantes rues de la vieille ville.  <\/p><p>Nous sommes fiers de notre expertise en mati\u00e8re d'hospitalit\u00e9, non seulement dans le secteur de l'h\u00f4tellerie mais aussi dans celui de la restauration. Notre exp\u00e9rience nous permet de comprendre parfaitement les besoins de nos clients et de cr\u00e9er un espace qui allie harmonieusement le confort moderne et l'hospitalit\u00e9 traditionnelle, tout comme notre merveilleuse ville allie le moderne et le pass\u00e9. <\/p><p>Notre h\u00f4tel dispose de 7 chambres et d'une suite soigneusement am\u00e9nag\u00e9es, chacune \u00e9tant un sanctuaire de tranquillit\u00e9 et d'\u00e9l\u00e9gance. L'acc\u00e8s facile, gr\u00e2ce \u00e0 des codes uniques, l'enregistrement et le r\u00e8glement faciles, le design contemporain et le service personnalis\u00e9 sont autant de facteurs qui font de votre confort notre priorit\u00e9. <\/p><p>Au Sennse Boutique Hotel, nous ne nous contentons pas d'offrir un h\u00e9bergement, nous offrons des moments m\u00e9morables, cr\u00e9\u00e9s sp\u00e9cialement pour chacun de nos h\u00f4tes. Nous nous r\u00e9jouissons de vous accueillir pour vous faire d\u00e9couvrir notre \u00e9l\u00e9gance, notre confort et notre hospitalit\u00e9 ! <\/p><\/div>\n\t\t\n\t\t\t\n        \t\t\t\t<\/div>\n\t\t\t\t<\/div>\n\t\t\t\t<\/div>\n\t\t<div class=\"elementor-element elementor-element-3e9de937 e-con-full e-flex e-con e-child\" data-id=\"3e9de937\" data-element_type=\"container\">\n\t\t\t\t<div class=\"elementor-element elementor-element-fd8d08f elementor-widget elementor-widget-patara-image\" data-id=\"fd8d08f\" data-element_type=\"widget\" data-widget_type=\"patara-image.default\">\n\t\t\t\t<div class=\"elementor-widget-container\">\n\t\t\t\t\t\t\t\n\t\t\t\t    \t\t\t<div class=\"sec-img\">\n\t\t\t\t<div class=\"row g-3\">\n\t\t\t\t\t<div class=\"col-6 text-end\"> <img decoding=\"async\" class=\"img-fluid rounded w-75 wow zoomIn\" data-wow-delay=\"0.1s\" src=\"https:\/\/sennse-hotel.ro\/wp-content\/uploads\/2025\/05\/IMG_3284-281.webp\" alt=\"\" style=\"margin-top: 25%;\"> <\/div>\n\t\t\t\t\t\t\t\t\t\t<div class=\"col-6 text-start\"> <img decoding=\"async\" class=\"img-fluid rounded w-100 wow zoomIn\" data-wow-delay=\"0.3s\" src=\"https:\/\/sennse-hotel.ro\/wp-content\/uploads\/2025\/05\/IMG_2880-129.webp\" alt=\"\"> <\/div>\n\t\t\t\t\t\t\n\t\t\t\t\t\t\t\t\t\t<div class=\"col-6 text-end\"> <img decoding=\"async\" class=\"img-fluid rounded w-50 wow zoomIn\" data-wow-delay=\"0.5s\" src=\"https:\/\/sennse-hotel.ro\/wp-content\/uploads\/2025\/05\/IMG_3144-247.webp\" alt=\"\"> <\/div>\n\t\t\t\t\t\t\n\t\t\t\t\t\t\t\t\t\t<div class=\"col-6 text-start\"> <img decoding=\"async\" class=\"img-fluid rounded w-75 wow zoomIn\" data-wow-delay=\"0.7s\" src=\"https:\/\/sennse-hotel.ro\/wp-content\/uploads\/2025\/05\/IMG_3188-259.webp\" alt=\"\"> <\/div>\n\t\t\t\t\t\t\n\t\t\t\t<\/div>\t\t\t\n\t\t\t\t\n\t\t<\/div>\n\t\t\t\t\t\n\t\t\n\t\t\t\n        \t\t\t\t<\/div>\n\t\t\t\t<\/div>\n\t\t\t\t<\/div>\n\t\t\t\t<\/div>\n\t\t\t\t<\/div>\n\t\t\t\t\t<\/div>\n\t\t\t\t<\/div>\n\t\t<div class=\"elementor-element elementor-element-6e7cfa3c e-flex e-con-boxed e-con e-parent\" data-id=\"6e7cfa3c\" data-element_type=\"container\" data-settings=\"{&quot;background_background&quot;:&quot;classic&quot;}\">\n\t\t\t\t\t<div class=\"e-con-inner\">\n\t\t\t\t<div class=\"elementor-element elementor-element-33473577 elementor-widget elementor-widget-patara-room-search\" data-id=\"33473577\" data-element_type=\"widget\" data-widget_type=\"patara-room-search.default\">\n\t\t\t\t<div class=\"elementor-widget-container\">\n\t\t\t\t\t\t\t\n\t\t\t<div class=\"booking-inner clearfix\">\n    <form action=\"https:\/\/sennse-hotel.ro\/fr\/\" class=\"form1 clearfix\">\n        <div class=\"col0 c1\">\n\t\t\t<input type=\"hidden\" name=\"s\" value=\"\" \/>\n            <div class=\"input1_wrapper border-l border-b border-t border-r\">\n                <label>Check In<\/label>\n                <div class=\"input1_inner\">\n                    <input name=\"room_checkin_ids\" type=\"text\" class=\"form-control input datepicker\" value=\"2026-04-29\" placeholder=\"Check In\" autocomplete=\"off\" data-rn-cl-months='[\"January\",\"February\",\"March\",\"April\",\"May\", \"June\",\"July\",\"August\",\"September\",\"October\",\"November\",\"December\"]' data-rn-cl-date='[\"Su\",\"Mo\",\"Tu\",\"We\",\"Th\",\"Fr\",\"Sa\"]' data-rn-start-date=\"1\">\n                <\/div>\n            <\/div>\n        <\/div>\n        <div class=\"col0 c1\">\n            <div class=\"input1_wrapper border-l border-b border-t border-r\">\n                <label>Check out<\/label>\n                    <div class=\"input1_inner\">\n                        <input name=\"room_checkout_ids\" type=\"text\" class=\"form-control input datepicker\" value=\"2026-04-30\" placeholder=\"Check out\" autocomplete=\"off\" data-rn-cl-months='[\"January\",\"February\",\"March\",\"April\",\"May\", \"June\",\"July\",\"August\",\"September\",\"October\",\"November\",\"December\"]' data-rn-cl-date='[\"Su\",\"Mo\",\"Tu\",\"We\",\"Th\",\"Fr\",\"Sa\"]' data-rn-start-date=\"1\">\n                    <\/div>\n            <\/div>\n        <\/div>\t\t        <div class=\"col1 c1\">\n            <div class=\"select1_wrapper border-l border-b border-t border-r\">\n                <label>Adult<\/label>\n                <div class=\"select1_inner\">\n                    <select id=\"room_adult_ids\" name=\"room_adult_ids\" class=\"select2 select\" style=\"width: 100%\" onchange=\"onAdultsUpdate()\">\n                        \t\t\t\t\t\t<option value=\"90\">1 Adulte<\/option>\n\t\t\t\t\t\t\t\t\t\t\t\t<option value=\"91\">2 Adultes<\/option>\n\t\t\t\t\t\t                    <\/select>\n                <\/div>\n            <\/div>\n        <\/div>\n\t\t\t\t\t\t        <div class=\"col1 c1\">\n            <input type=\"hidden\" name=\"post_type\" value=\"product\" \/>\n\t\t\t<script type=\"text\/javascript\">\n\t\t\t\tfunction getBookingDetails() {\n\t\t\t\t\tvar adultsAsString = jQuery('#room_adult_ids').select2('data')[0].text;\n\t\t\t\t\tvar childrenAsString = \"0\"; \/\/ jQuery('#room_children_ids').select2('data')[0].text;\n\t\t\t\t\tvar checkInDate = jQuery('input[name^=room_checkin_ids]').val();\n\t\t\t\t\tvar checkOutDate = jQuery('input[name^=room_checkout_ids]').val();\t\t\t\t\t\n\t\t\t\t\tvar adults = adultsAsString.match(\/\\d+\/g) ? adultsAsString.match(\/\\d+\/g)[0] : 1;\n\t\t\t\t\tvar children = childrenAsString.match(\/\\d+\/g) ? childrenAsString.match(\/\\d+\/g)[0] : 0;\t\t\t\t\t\n\t\t\t\t\t\n\t\t\t\t\t\/\/ Target URL for PynBooking system\n\t\t\t\t\tvar targetURL = 'https:\/\/sennse-boutique-hotel.pynbooking.direct\/?checkin=' + checkInDate + '&checkout=' + checkOutDate + '&adults=' + adults + '&children=' + children;\n\t\t\t\t\tvar link = document.createElement('a');\n\t\t\t\t\tlink.href = targetURL;\n\t\t\t\t\tdocument.body.appendChild(link);\n\t\t\t\t\tlink.click();\n\t\t\t\t}\n\t\t\t\t\n\t\t\t\tvar buffer = null;\n\t\t\t\tfunction onAdultsUpdate() {\t\t\t\t\t\n\t\t\t\t\t\/* var adultsAsString = jQuery('#room_adult_ids').select2('data')[0].text;\n\t\t\t\t\tvar adults = adultsAsString.match(\/\\d+\/g) ? adultsAsString.match(\/\\d+\/g)[0] : 1;\n\t\t\t\t\t\n\t\t\t\t\tif (adults > 1) {\t\t\t\t\t\n\t\t\t\t\t\tbuffer = jQuery('#room_children_ids option')[1];\n\t\t\t\t\t\tjQuery('#room_children_ids option')[1].remove();\n\t\t\t\t\t} else {\t\t\t\t\t\t\n\t\t\t\t\t\tjQuery('#room_children_ids').append(buffer);\n\t\t\t\t\t\tjQuery('#room_children_ids').val(jQuery('#room_children_ids option')[0].value);\n\t\t\t\t\t} *\/\n\t\t\t\t}\n\t\t\t<\/script>\n            <button type=\"button\" onclick=\"getBookingDetails()\" class=\"btn-form1-submit\">R\u00e9servez<\/button>\n        <\/div>\n    <\/form>\n<\/div>\n\t\t\n    \t\t\t\t<\/div>\n\t\t\t\t<\/div>\n\t\t\t\t\t<\/div>\n\t\t\t\t<\/div>\n\t\t\t\t<\/div>\n\t\t","protected":false},"excerpt":{"rendered":"<p>A propos de nous Bienvenue ! A propos de nous : Au Sennse Boutique Hotel, Adults Friendly &#8211; d\u00e9di\u00e9 exclusivement aux adultes, chaque d\u00e9tail est con\u00e7u pour vous offrir une exp\u00e9rience inoubliable. B\u00e9n\u00e9ficiant d&#8217;une situation privil\u00e9gi\u00e9e au c\u0153ur du centre historique de Sibiu, notre h\u00f4tel vous permet d&#8217;acc\u00e9der rapidement aux plus beaux sites de la ville, notamment la place principale<\/p>\n","protected":false},"author":2,"featured_media":7828,"parent":0,"menu_order":0,"comment_status":"closed","ping_status":"closed","template":"","meta":{"footnotes":"","_links_to":"","_links_to_target":""},"class_list":["post-5906","page","type-page","status-publish","has-post-thumbnail","hentry"],"yoast_head":"<!-- This site is optimized with the Yoast SEO plugin v25.7 - https:\/\/yoast.com\/wordpress\/plugins\/seo\/ -->\n<title>\u00c0 propos de Sennse - Sennse Boutique Hotel<\/title>\n<meta name=\"robots\" content=\"index, follow, max-snippet:-1, max-image-preview:large, max-video-preview:-1\" \/>\n<link rel=\"canonical\" href=\"https:\/\/sennse-hotel.ro\/fr\/a-propos-de-sennse\/\" \/>\n<meta property=\"og:locale\" content=\"fr_FR\" \/>\n<meta property=\"og:type\" content=\"article\" \/>\n<meta property=\"og:title\" content=\"\u00c0 propos de Sennse - Sennse Boutique Hotel\" \/>\n<meta property=\"og:description\" content=\"A propos de nous Bienvenue ! A propos de nous : Au Sennse Boutique Hotel, Adults Friendly &#8211; d\u00e9di\u00e9 exclusivement aux adultes, chaque d\u00e9tail est con\u00e7u pour vous offrir une exp\u00e9rience inoubliable. B\u00e9n\u00e9ficiant d&#8217;une situation privil\u00e9gi\u00e9e au c\u0153ur du centre historique de Sibiu, notre h\u00f4tel vous permet d&#8217;acc\u00e9der rapidement aux plus beaux sites de la ville, notamment la place principale\" \/>\n<meta property=\"og:url\" content=\"https:\/\/sennse-hotel.ro\/fr\/a-propos-de-sennse\/\" \/>\n<meta property=\"og:site_name\" content=\"Sennse Boutique Hotel\" \/>\n<meta property=\"article:modified_time\" content=\"2025-10-27T21:17:34+00:00\" \/>\n<meta property=\"og:image\" content=\"https:\/\/sennse-hotel.ro\/wp-content\/uploads\/2025\/05\/IMG_3284-281.webp\" \/>\n<meta name=\"twitter:card\" content=\"summary_large_image\" \/>\n<meta name=\"twitter:label1\" content=\"Dur\u00e9e de lecture estim\u00e9e\" \/>\n\t<meta name=\"twitter:data1\" content=\"1 minute\" \/>\n<script type=\"application\/ld+json\" class=\"yoast-schema-graph\">{\"@context\":\"https:\/\/schema.org\",\"@graph\":[{\"@type\":\"WebPage\",\"@id\":\"https:\/\/sennse-hotel.ro\/fr\/a-propos-de-sennse\/\",\"url\":\"https:\/\/sennse-hotel.ro\/fr\/a-propos-de-sennse\/\",\"name\":\"\u00c0 propos de Sennse - Sennse Boutique Hotel\",\"isPartOf\":{\"@id\":\"https:\/\/sennse-hotel.ro\/fr\/#website\"},\"primaryImageOfPage\":{\"@id\":\"https:\/\/sennse-hotel.ro\/fr\/a-propos-de-sennse\/#primaryimage\"},\"image\":{\"@id\":\"https:\/\/sennse-hotel.ro\/fr\/a-propos-de-sennse\/#primaryimage\"},\"thumbnailUrl\":\"https:\/\/sennse-hotel.ro\/wp-content\/uploads\/2025\/11\/IMG_2678-13-scaled.jpg\",\"datePublished\":\"2023-10-21T19:36:46+00:00\",\"dateModified\":\"2025-10-27T21:17:34+00:00\",\"breadcrumb\":{\"@id\":\"https:\/\/sennse-hotel.ro\/fr\/a-propos-de-sennse\/#breadcrumb\"},\"inLanguage\":\"fr-FR\",\"potentialAction\":[{\"@type\":\"ReadAction\",\"target\":[\"https:\/\/sennse-hotel.ro\/fr\/a-propos-de-sennse\/\"]}]},{\"@type\":\"ImageObject\",\"inLanguage\":\"fr-FR\",\"@id\":\"https:\/\/sennse-hotel.ro\/fr\/a-propos-de-sennse\/#primaryimage\",\"url\":\"https:\/\/sennse-hotel.ro\/wp-content\/uploads\/2025\/11\/IMG_2678-13-scaled.jpg\",\"contentUrl\":\"https:\/\/sennse-hotel.ro\/wp-content\/uploads\/2025\/11\/IMG_2678-13-scaled.jpg\",\"width\":2560,\"height\":1829,\"caption\":\"Despre Sennse\"},{\"@type\":\"BreadcrumbList\",\"@id\":\"https:\/\/sennse-hotel.ro\/fr\/a-propos-de-sennse\/#breadcrumb\",\"itemListElement\":[{\"@type\":\"ListItem\",\"position\":1,\"name\":\"Home\",\"item\":\"https:\/\/sennse-hotel.ro\/fr\/\"},{\"@type\":\"ListItem\",\"position\":2,\"name\":\"\u00c0 propos de Sennse\"}]},{\"@type\":\"WebSite\",\"@id\":\"https:\/\/sennse-hotel.ro\/fr\/#website\",\"url\":\"https:\/\/sennse-hotel.ro\/fr\/\",\"name\":\"Sennse Boutique Hotel\",\"description\":\"\",\"potentialAction\":[{\"@type\":\"SearchAction\",\"target\":{\"@type\":\"EntryPoint\",\"urlTemplate\":\"https:\/\/sennse-hotel.ro\/fr\/?s={search_term_string}\"},\"query-input\":{\"@type\":\"PropertyValueSpecification\",\"valueRequired\":true,\"valueName\":\"search_term_string\"}}],\"inLanguage\":\"fr-FR\"}]}<\/script>\n<!-- \/ Yoast SEO plugin. -->","yoast_head_json":{"title":"\u00c0 propos de Sennse - Sennse Boutique Hotel","robots":{"index":"index","follow":"follow","max-snippet":"max-snippet:-1","max-image-preview":"max-image-preview:large","max-video-preview":"max-video-preview:-1"},"canonical":"https:\/\/sennse-hotel.ro\/fr\/a-propos-de-sennse\/","og_locale":"fr_FR","og_type":"article","og_title":"\u00c0 propos de Sennse - Sennse Boutique Hotel","og_description":"A propos de nous Bienvenue ! A propos de nous : Au Sennse Boutique Hotel, Adults Friendly &#8211; d\u00e9di\u00e9 exclusivement aux adultes, chaque d\u00e9tail est con\u00e7u pour vous offrir une exp\u00e9rience inoubliable. B\u00e9n\u00e9ficiant d&#8217;une situation privil\u00e9gi\u00e9e au c\u0153ur du centre historique de Sibiu, notre h\u00f4tel vous permet d&#8217;acc\u00e9der rapidement aux plus beaux sites de la ville, notamment la place principale","og_url":"https:\/\/sennse-hotel.ro\/fr\/a-propos-de-sennse\/","og_site_name":"Sennse Boutique Hotel","article_modified_time":"2025-10-27T21:17:34+00:00","og_image":[{"url":"https:\/\/sennse-hotel.ro\/wp-content\/uploads\/2025\/05\/IMG_3284-281.webp","type":"","width":"","height":""}],"twitter_card":"summary_large_image","twitter_misc":{"Dur\u00e9e de lecture estim\u00e9e":"1 minute"},"schema":{"@context":"https:\/\/schema.org","@graph":[{"@type":"WebPage","@id":"https:\/\/sennse-hotel.ro\/fr\/a-propos-de-sennse\/","url":"https:\/\/sennse-hotel.ro\/fr\/a-propos-de-sennse\/","name":"\u00c0 propos de Sennse - Sennse Boutique Hotel","isPartOf":{"@id":"https:\/\/sennse-hotel.ro\/fr\/#website"},"primaryImageOfPage":{"@id":"https:\/\/sennse-hotel.ro\/fr\/a-propos-de-sennse\/#primaryimage"},"image":{"@id":"https:\/\/sennse-hotel.ro\/fr\/a-propos-de-sennse\/#primaryimage"},"thumbnailUrl":"https:\/\/sennse-hotel.ro\/wp-content\/uploads\/2025\/11\/IMG_2678-13-scaled.jpg","datePublished":"2023-10-21T19:36:46+00:00","dateModified":"2025-10-27T21:17:34+00:00","breadcrumb":{"@id":"https:\/\/sennse-hotel.ro\/fr\/a-propos-de-sennse\/#breadcrumb"},"inLanguage":"fr-FR","potentialAction":[{"@type":"ReadAction","target":["https:\/\/sennse-hotel.ro\/fr\/a-propos-de-sennse\/"]}]},{"@type":"ImageObject","inLanguage":"fr-FR","@id":"https:\/\/sennse-hotel.ro\/fr\/a-propos-de-sennse\/#primaryimage","url":"https:\/\/sennse-hotel.ro\/wp-content\/uploads\/2025\/11\/IMG_2678-13-scaled.jpg","contentUrl":"https:\/\/sennse-hotel.ro\/wp-content\/uploads\/2025\/11\/IMG_2678-13-scaled.jpg","width":2560,"height":1829,"caption":"Despre Sennse"},{"@type":"BreadcrumbList","@id":"https:\/\/sennse-hotel.ro\/fr\/a-propos-de-sennse\/#breadcrumb","itemListElement":[{"@type":"ListItem","position":1,"name":"Home","item":"https:\/\/sennse-hotel.ro\/fr\/"},{"@type":"ListItem","position":2,"name":"\u00c0 propos de Sennse"}]},{"@type":"WebSite","@id":"https:\/\/sennse-hotel.ro\/fr\/#website","url":"https:\/\/sennse-hotel.ro\/fr\/","name":"Sennse Boutique Hotel","description":"","potentialAction":[{"@type":"SearchAction","target":{"@type":"EntryPoint","urlTemplate":"https:\/\/sennse-hotel.ro\/fr\/?s={search_term_string}"},"query-input":{"@type":"PropertyValueSpecification","valueRequired":true,"valueName":"search_term_string"}}],"inLanguage":"fr-FR"}]}},"_links":{"self":[{"href":"https:\/\/sennse-hotel.ro\/fr\/wp-json\/wp\/v2\/pages\/5906","targetHints":{"allow":["GET"]}}],"collection":[{"href":"https:\/\/sennse-hotel.ro\/fr\/wp-json\/wp\/v2\/pages"}],"about":[{"href":"https:\/\/sennse-hotel.ro\/fr\/wp-json\/wp\/v2\/types\/page"}],"author":[{"embeddable":true,"href":"https:\/\/sennse-hotel.ro\/fr\/wp-json\/wp\/v2\/users\/2"}],"replies":[{"embeddable":true,"href":"https:\/\/sennse-hotel.ro\/fr\/wp-json\/wp\/v2\/comments?post=5906"}],"version-history":[{"count":3,"href":"https:\/\/sennse-hotel.ro\/fr\/wp-json\/wp\/v2\/pages\/5906\/revisions"}],"predecessor-version":[{"id":7703,"href":"https:\/\/sennse-hotel.ro\/fr\/wp-json\/wp\/v2\/pages\/5906\/revisions\/7703"}],"wp:featuredmedia":[{"embeddable":true,"href":"https:\/\/sennse-hotel.ro\/fr\/wp-json\/wp\/v2\/media\/7828"}],"wp:attachment":[{"href":"https:\/\/sennse-hotel.ro\/fr\/wp-json\/wp\/v2\/media?parent=5906"}],"curies":[{"name":"wp","href":"https:\/\/api.w.org\/{rel}","templated":true}]}}